{"id":3144,"date":"2020-08-13T10:27:53","date_gmt":"2020-08-13T08:27:53","guid":{"rendered":"https:\/\/bufeteacainasleon.es\/contacto-abogado-en-marbella\/"},"modified":"2023-07-04T10:45:26","modified_gmt":"2023-07-04T08:45:26","slug":"contacto-abogado-en-marbella","status":"publish","type":"page","link":"https:\/\/www.bufeteacainasleon.es\/en\/contacto-abogado-en-marbella\/","title":{"rendered":"Contact"},"content":{"rendered":"\t\t<div data-elementor-type=\"wp-page\" data-elementor-id=\"3144\" class=\"elementor elementor-3144 elementor-437\">\n\t\t\t\t\t\t<div class=\"elementor-inner\">\n\t\t\t\t<div class=\"elementor-section-wrap\">\n\t\t\t\t\t\t\t\t\t<section class=\"elementor-section elementor-top-section elementor-element elementor-element-42ac3766 elementor-section-boxed elementor-section-height-default elementor-section-height-default\" data-id=\"42ac3766\" data-element_type=\"section\" data-settings=\"{&quot;background_background&quot;:&quot;classic&quot;}\">\n\t\t\t\t\t\t<div class=\"elementor-container elementor-column-gap-no\">\n\t\t\t\t\t\t\t<div class=\"elementor-row\">\n\t\t\t\t\t<div class=\"elementor-column elementor-col-100 elementor-top-column elementor-element elementor-element-47319c52\" data-id=\"47319c52\" data-element_type=\"column\">\n\t\t\t<div class=\"elementor-column-wrap elementor-element-populated\">\n\t\t\t\t\t\t\t<div class=\"elementor-widget-wrap\">\n\t\t\t\t\t\t<div class=\"elementor-element elementor-element-70772fb2 elementor-widget elementor-widget-heading\" data-id=\"70772fb2\" data-element_type=\"widget\" data-widget_type=\"heading.default\">\n\t\t\t\t<div class=\"elementor-widget-container\">\n\t\t\t<h1 class=\"elementor-heading-title elementor-size-xl\">Contact<\/h1>\t\t<\/div>\n\t\t\t\t<\/div>\n\t\t\t\t\t\t<\/div>\n\t\t\t\t\t<\/div>\n\t\t<\/div>\n\t\t\t\t\t\t\t\t<\/div>\n\t\t\t\t\t<\/div>\n\t\t<\/section>\n\t\t\t\t<section class=\"elementor-section elementor-top-section elementor-element elementor-element-655f83a elementor-section-boxed elementor-section-height-default elementor-section-height-default\" data-id=\"655f83a\" data-element_type=\"section\">\n\t\t\t\t\t\t<div class=\"elementor-container elementor-column-gap-default\">\n\t\t\t\t\t\t\t<div class=\"elementor-row\">\n\t\t\t\t\t<div class=\"elementor-column elementor-col-50 elementor-top-column elementor-element elementor-element-ac710f9\" data-id=\"ac710f9\" data-element_type=\"column\">\n\t\t\t<div class=\"elementor-column-wrap elementor-element-populated\">\n\t\t\t\t\t\t\t<div class=\"elementor-widget-wrap\">\n\t\t\t\t\t\t<div class=\"elementor-element elementor-element-e08fcf5 elementor-widget elementor-widget-text-editor\" data-id=\"e08fcf5\" data-element_type=\"widget\" data-widget_type=\"text-editor.default\">\n\t\t\t\t<div class=\"elementor-widget-container\">\n\t\t\t\t\t\t\t\t<div class=\"elementor-text-editor elementor-clearfix\">\n\t\t\t\t<h4>CONTACT INFORMATION<\/h4>\t\t\t\t\t<\/div>\n\t\t\t\t\t\t<\/div>\n\t\t\t\t<\/div>\n\t\t\t\t<div class=\"elementor-element elementor-element-1d53657e elementor-align-left elementor-icon-list--layout-traditional elementor-list-item-link-full_width elementor-widget elementor-widget-icon-list\" data-id=\"1d53657e\" data-element_type=\"widget\" data-widget_type=\"icon-list.default\">\n\t\t\t\t<div class=\"elementor-widget-container\">\n\t\t\t\t\t<ul class=\"elementor-icon-list-items\">\n\t\t\t\t\t\t\t<li class=\"elementor-icon-list-item\">\n\t\t\t\t\t\t\t\t\t\t\t<a href=\"mailto:info@bufeteacainasleon.es\">\n\n\t\t\t\t\t\t\t\t\t\t\t\t<span class=\"elementor-icon-list-icon\">\n\t\t\t\t\t\t\t<i aria-hidden=\"true\" class=\"far fa-envelope\"><\/i>\t\t\t\t\t\t<\/span>\n\t\t\t\t\t\t\t\t\t\t<span class=\"elementor-icon-list-text\">Email<\/span>\n\t\t\t\t\t\t\t\t\t\t\t<\/a>\n\t\t\t\t\t\t\t\t\t<\/li>\n\t\t\t\t\t\t\t\t<li class=\"elementor-icon-list-item\">\n\t\t\t\t\t\t\t\t\t\t\t<a href=\"tel:+34952901133\">\n\n\t\t\t\t\t\t\t\t\t\t\t\t<span class=\"elementor-icon-list-icon\">\n\t\t\t\t\t\t\t<i aria-hidden=\"true\" class=\"fas fa-phone-volume\"><\/i>\t\t\t\t\t\t<\/span>\n\t\t\t\t\t\t\t\t\t\t<span class=\"elementor-icon-list-text\">+34 952 90 11 33<\/span>\n\t\t\t\t\t\t\t\t\t\t\t<\/a>\n\t\t\t\t\t\t\t\t\t<\/li>\n\t\t\t\t\t\t\t\t<li class=\"elementor-icon-list-item\">\n\t\t\t\t\t\t\t\t\t\t\t<a href=\"tel:+34629755701\">\n\n\t\t\t\t\t\t\t\t\t\t\t\t<span class=\"elementor-icon-list-icon\">\n\t\t\t\t\t\t\t<i aria-hidden=\"true\" class=\"fas fa-mobile-alt\"><\/i>\t\t\t\t\t\t<\/span>\n\t\t\t\t\t\t\t\t\t\t<span class=\"elementor-icon-list-text\">+34 629 75 57 01<\/span>\n\t\t\t\t\t\t\t\t\t\t\t<\/a>\n\t\t\t\t\t\t\t\t\t<\/li>\n\t\t\t\t\t\t\t\t<li class=\"elementor-icon-list-item\">\n\t\t\t\t\t\t\t\t\t\t\t<span class=\"elementor-icon-list-icon\">\n\t\t\t\t\t\t\t<i aria-hidden=\"true\" class=\"far fa-clock\"><\/i>\t\t\t\t\t\t<\/span>\n\t\t\t\t\t\t\t\t\t\t<span class=\"elementor-icon-list-text\">M - F  (9:00 \/ 18:00h)<\/span>\n\t\t\t\t\t\t\t\t\t<\/li>\n\t\t\t\t\t\t\t\t<li class=\"elementor-icon-list-item\">\n\t\t\t\t\t\t\t\t\t\t\t<a href=\"https:\/\/goo.gl\/maps\/UWsVTmoJPjGrD31K9\" target=\"_blank\">\n\n\t\t\t\t\t\t\t\t\t\t\t\t<span class=\"elementor-icon-list-icon\">\n\t\t\t\t\t\t\t<i aria-hidden=\"true\" class=\"fas fa-map-marker-alt\"><\/i>\t\t\t\t\t\t<\/span>\n\t\t\t\t\t\t\t\t\t\t<span class=\"elementor-icon-list-text\">Centro de Negocios Tembo,block A, office 1, Zip 29602, Marbella, M\u00e1laga (Spain)<\/span>\n\t\t\t\t\t\t\t\t\t\t\t<\/a>\n\t\t\t\t\t\t\t\t\t<\/li>\n\t\t\t\t\t\t<\/ul>\n\t\t\t\t<\/div>\n\t\t\t\t<\/div>\n\t\t\t\t<div class=\"elementor-element elementor-element-a4d495f elementor-align-justify elementor-widget__width-initial elementor-widget elementor-widget-button\" data-id=\"a4d495f\" data-element_type=\"widget\" data-widget_type=\"button.default\">\n\t\t\t\t<div class=\"elementor-widget-container\">\n\t\t\t\t\t<div class=\"elementor-button-wrapper\">\n\t\t\t<a href=\"https:\/\/goo.gl\/maps\/UWsVTmoJPjGrD31K9\" target=\"_blank\" class=\"elementor-button-link elementor-button elementor-size-sm elementor-animation-float\" role=\"button\">\n\t\t\t\t\t\t<span class=\"elementor-button-content-wrapper\">\n\t\t\t\t\t\t<span class=\"elementor-button-text\">View map<\/span>\n\t\t<\/span>\n\t\t\t\t\t<\/a>\n\t\t<\/div>\n\t\t\t\t<\/div>\n\t\t\t\t<\/div>\n\t\t\t\t<div class=\"elementor-element elementor-element-2f5d642 elementor-widget elementor-widget-image\" data-id=\"2f5d642\" data-element_type=\"widget\" data-widget_type=\"image.default\">\n\t\t\t\t<div class=\"elementor-widget-container\">\n\t\t\t\t\t\t\t\t<div class=\"elementor-image\">\n\t\t\t\t\t\t\t\t\t\t\t\t<img decoding=\"async\" width=\"526\" height=\"470\" src=\"https:\/\/www.bufeteacainasleon.es\/wp-content\/uploads\/2023\/06\/contacto-abogado-en-marbella.webp\" class=\"attachment-full size-full wp-image-3482\" alt=\"Contacta con nuestro bufete de abogados en Marbella\" loading=\"lazy\" srcset=\"https:\/\/www.bufeteacainasleon.es\/wp-content\/uploads\/2023\/06\/contacto-abogado-en-marbella.webp 526w, https:\/\/www.bufeteacainasleon.es\/wp-content\/uploads\/2023\/06\/contacto-abogado-en-marbella-300x268.webp 300w\" sizes=\"(max-width: 526px) 100vw, 526px\" \/>\t\t\t\t\t\t\t\t\t\t\t\t\t\t<\/div>\n\t\t\t\t\t\t<\/div>\n\t\t\t\t<\/div>\n\t\t\t\t\t\t<\/div>\n\t\t\t\t\t<\/div>\n\t\t<\/div>\n\t\t\t\t<div class=\"elementor-column elementor-col-50 elementor-top-column elementor-element elementor-element-75e62a6\" data-id=\"75e62a6\" data-element_type=\"column\">\n\t\t\t<div class=\"elementor-column-wrap elementor-element-populated\">\n\t\t\t\t\t\t\t<div class=\"elementor-widget-wrap\">\n\t\t\t\t\t\t<div class=\"elementor-element elementor-element-96ebb00 elementor-widget elementor-widget-text-editor\" data-id=\"96ebb00\" data-element_type=\"widget\" data-widget_type=\"text-editor.default\">\n\t\t\t\t<div class=\"elementor-widget-container\">\n\t\t\t\t\t\t\t\t<div class=\"elementor-text-editor elementor-clearfix\">\n\t\t\t\t<h4>CONTACT FORM<\/h4>\t\t\t\t\t<\/div>\n\t\t\t\t\t\t<\/div>\n\t\t\t\t<\/div>\n\t\t\t\t<div class=\"elementor-element elementor-element-4e780c90 elementor-widget elementor-widget-premium-contact-form\" data-id=\"4e780c90\" data-element_type=\"widget\" data-widget_type=\"premium-contact-form.default\">\n\t\t\t\t<div class=\"elementor-widget-container\">\n\t\t\t\r\n\t\t\t<div class=\"premium-cf7-container\">\r\n\t\t\t\t<div role=\"form\" class=\"wpcf7\" id=\"wpcf7-f3831-o1\" lang=\"es-ES\" dir=\"ltr\">\n<div class=\"screen-reader-response\"><p role=\"status\" aria-live=\"polite\" aria-atomic=\"true\"><\/p> <ul><\/ul><\/div>\n<form action=\"\/en\/wp-json\/wp\/v2\/pages\/3144#wpcf7-f3831-o1\" method=\"post\" class=\"wpcf7-form init\" novalidate=\"novalidate\" data-status=\"init\">\n<div style=\"display: none;\">\n<input type=\"hidden\" name=\"_wpcf7\" value=\"3831\" \/>\n<input type=\"hidden\" name=\"_wpcf7_version\" value=\"5.6.1\" \/>\n<input type=\"hidden\" name=\"_wpcf7_locale\" value=\"es_ES\" \/>\n<input type=\"hidden\" name=\"_wpcf7_unit_tag\" value=\"wpcf7-f3831-o1\" \/>\n<input type=\"hidden\" name=\"_wpcf7_container_post\" value=\"0\" \/>\n<input type=\"hidden\" name=\"_wpcf7_posted_data_hash\" value=\"\" \/>\n<input type=\"hidden\" name=\"_wpcf7_recaptcha_response\" value=\"\" \/>\n<\/div>\n<div class=\"row\">\n<div class=\"elementor-col-50\" style=\"margin-bottom:20px;\">\n        <span class=\"wpcf7-form-control-wrap\" data-name=\"text-588\"><input type=\"text\" name=\"text-588\" value=\"\" size=\"40\" class=\"wpcf7-form-control wpcf7-text wpcf7-validates-as-required\" aria-required=\"true\" aria-invalid=\"false\" placeholder=\"First and Last Name (required)\" \/><\/span>\n        <\/div>\n<div class=\"elementor-col-50\">\n        <span class=\"wpcf7-form-control-wrap\" data-name=\"tel-23\"><input type=\"tel\" name=\"tel-23\" value=\"\" size=\"40\" class=\"wpcf7-form-control wpcf7-text wpcf7-tel wpcf7-validates-as-tel\" aria-invalid=\"false\" placeholder=\"Phone\" \/><\/span>\n        <\/div>\n<\/div>\n<div class=\"row\">\n<div class=\"elementor-col-50\"style=\"margin-bottom:20px;\">\n        <span class=\"wpcf7-form-control-wrap\" data-name=\"email-844\"><input type=\"email\" name=\"email-844\" value=\"\" size=\"40\" class=\"wpcf7-form-control wpcf7-text wpcf7-email wpcf7-validates-as-required wpcf7-validates-as-email\" aria-required=\"true\" aria-invalid=\"false\" placeholder=\"E-mail (required)\" \/><\/span>\n        <\/div>\n<\/div>\n<div class=\"row\">\n<div class=\"elementor-col-50\" style=\"color:#0E1B45;\">\nComments <br \/>\n<span class=\"wpcf7-form-control-wrap\" data-name=\"textarea-515\"><textarea name=\"textarea-515\" cols=\"40\" rows=\"3\" maxlength=\"240\" class=\"wpcf7-form-control wpcf7-textarea\" aria-invalid=\"false\"><\/textarea><\/span>\n <\/div>\n<div class=\"responsabilidad\">\n<span style=\"display:block; float:left;\"><span class=\"wpcf7-form-control-wrap\" data-name=\"acceptance-932\"><span class=\"wpcf7-form-control wpcf7-acceptance\"><span class=\"wpcf7-list-item\"><input type=\"checkbox\" name=\"acceptance-932\" value=\"1\" aria-invalid=\"false\" \/><\/span><\/span><\/span><\/span>&nbsp;&nbsp;<span style=\"font-size:11px;\">I have read and accept the <a href=\"\/en\/aviso-legal\/\" style=\"color:#0E1B90;\">Legal Notice<\/a><\/span>\n<\/div>\n<p><input type=\"submit\" value=\"Send\" class=\"wpcf7-form-control has-spinner wpcf7-submit\" \/><\/p>\n<div style=\"font-size:11px; line-height:14px;margin-top:0px;\">\nSend: Data controller: Rafael Acai\u00f1as Le\u00f3n \u2013 Purpose: To manage your request. - Legitimation: by ticking the \"Send\" button you consent to the data being processed according to <a href=\"https:\/\/www.bufeteacainasleon.es\/en\/politica-de-privacidad\/\" style=\"color:#0E1B90;\">privacy policy<\/a><\/div>\n<p style=\"display: none !important;\"><label>&#916;<textarea name=\"_wpcf7_ak_hp_textarea\" cols=\"45\" rows=\"8\" maxlength=\"100\"><\/textarea><\/label><input type=\"hidden\" id=\"ak_js_1\" name=\"_wpcf7_ak_js\" value=\"229\"\/><script>document.getElementById( \"ak_js_1\" ).setAttribute( \"value\", ( new Date() ).getTime() );<\/script><\/p><div class=\"wpcf7-response-output\" aria-hidden=\"true\"><\/div><\/form><\/div>\t\t\t<\/div>\r\n\r\n\t\t\t\t\t<\/div>\n\t\t\t\t<\/div>\n\t\t\t\t\t\t<\/div>\n\t\t\t\t\t<\/div>\n\t\t<\/div>\n\t\t\t\t\t\t\t\t<\/div>\n\t\t\t\t\t<\/div>\n\t\t<\/section>\n\t\t\t\t<section class=\"elementor-section elementor-top-section elementor-element elementor-element-7905cde9 elementor-section-boxed elementor-section-height-default elementor-section-height-default\" data-id=\"7905cde9\" data-element_type=\"section\" data-settings=\"{&quot;background_background&quot;:&quot;classic&quot;}\">\n\t\t\t\t\t\t\t<div class=\"elementor-background-overlay\"><\/div>\n\t\t\t\t\t\t\t<div class=\"elementor-container elementor-column-gap-default\">\n\t\t\t\t\t\t\t<div class=\"elementor-row\">\n\t\t\t\t\t<div class=\"elementor-column elementor-col-100 elementor-top-column elementor-element elementor-element-1452e6de\" data-id=\"1452e6de\" data-element_type=\"column\" data-settings=\"{&quot;background_background&quot;:&quot;classic&quot;}\">\n\t\t\t<div class=\"elementor-column-wrap elementor-element-populated\">\n\t\t\t\t\t\t\t<div class=\"elementor-widget-wrap\">\n\t\t\t\t\t\t<section class=\"elementor-section elementor-inner-section elementor-element elementor-element-616d3479 elementor-reverse-mobile elementor-section-boxed elementor-section-height-default elementor-section-height-default\" data-id=\"616d3479\" data-element_type=\"section\">\n\t\t\t\t\t\t<div class=\"elementor-container elementor-column-gap-no\">\n\t\t\t\t\t\t\t<div class=\"elementor-row\">\n\t\t\t\t\t<div class=\"elementor-column elementor-col-50 elementor-inner-column elementor-element elementor-element-601fafb4\" data-id=\"601fafb4\" data-element_type=\"column\" data-settings=\"{&quot;background_background&quot;:&quot;classic&quot;}\">\n\t\t\t<div class=\"elementor-column-wrap\">\n\t\t\t\t\t\t\t<div class=\"elementor-widget-wrap\">\n\t\t\t\t\t\t\t\t<\/div>\n\t\t\t\t\t<\/div>\n\t\t<\/div>\n\t\t\t\t<div class=\"elementor-column elementor-col-50 elementor-inner-column elementor-element elementor-element-301206ae\" data-id=\"301206ae\" data-element_type=\"column\">\n\t\t\t<div class=\"elementor-column-wrap\">\n\t\t\t\t\t\t\t<div class=\"elementor-widget-wrap\">\n\t\t\t\t\t\t\t\t<\/div>\n\t\t\t\t\t<\/div>\n\t\t<\/div>\n\t\t\t\t\t\t\t\t<\/div>\n\t\t\t\t\t<\/div>\n\t\t<\/section>\n\t\t\t\t\t\t<\/div>\n\t\t\t\t\t<\/div>\n\t\t<\/div>\n\t\t\t\t\t\t\t\t<\/div>\n\t\t\t\t\t<\/div>\n\t\t<\/section>\n\t\t\t\t\t\t\t\t\t<\/div>\n\t\t\t<\/div>\n\t\t\t\t\t<\/div>\n\t\t","protected":false},"excerpt":{"rendered":"<p>Contact CONTACT INFORMATION Email +34 952 90 11 33 +34 629 75 57 01 M &#8211; F (9:00 \/ 18:00h) Centro de Negocios Tembo,block A, office 1, Zip 29602, Marbella, M\u00e1laga (Spain) View map CONTACT FORM How did you hear about us? (required)InternetSocial NetworksReferralEmail Marketing Comments Responsible: Rafael Acai\u00f1as Le\u00f3n Contact: (+34) 952 90 33 &hellip;<\/p>\n<p class=\"read-more\"> <a class=\"\" href=\"https:\/\/www.bufeteacainasleon.es\/en\/contacto-abogado-en-marbella\/\"> <span class=\"screen-reader-text\">Contact<\/span> Read More &raquo;<\/a><\/p>\n","protected":false},"author":3,"featured_media":3846,"parent":0,"menu_order":0,"comment_status":"closed","ping_status":"closed","template":"","meta":{"inline_featured_image":false,"site-sidebar-layout":"no-sidebar","site-content-layout":"page-builder","ast-main-header-display":"","ast-hfb-above-header-display":"","ast-hfb-below-header-display":"","ast-hfb-mobile-header-display":"","site-post-title":"disabled","ast-breadcrumbs-content":"","ast-featured-img":"disabled","footer-sml-layout":"","theme-transparent-header-meta":"default","adv-header-id-meta":"","stick-header-meta":"","header-above-stick-meta":"","header-main-stick-meta":"","header-below-stick-meta":""},"yoast_head":"<!-- This site is optimized with the Yoast SEO Premium plugin v20.7 (Yoast SEO v20.10) - https:\/\/yoast.com\/wordpress\/plugins\/seo\/ -->\n<title>Contact - Bufete Rafael Acai\u00f1as Le\u00f3n<\/title>\n<meta name=\"description\" content=\"Ponte en contacto con nosotros y estudiaremos tu caso para poder aportarte la mejor soluci\u00f3n posible al respecto.\" \/>\n<meta name=\"robots\" content=\"index, follow, max-snippet:-1, max-image-preview:large, max-video-preview:-1\" \/>\n<link rel=\"canonical\" href=\"https:\/\/www.bufeteacainasleon.es\/en\/contacto-abogado-en-marbella\/\" \/>\n<meta property=\"og:locale\" content=\"en_US\" \/>\n<meta property=\"og:type\" content=\"article\" \/>\n<meta property=\"og:title\" content=\"Contact\" \/>\n<meta property=\"og:description\" content=\"Ponte en contacto con nosotros y estudiaremos tu caso para poder aportarte la mejor soluci\u00f3n posible al respecto.\" \/>\n<meta property=\"og:url\" content=\"https:\/\/www.bufeteacainasleon.es\/en\/contacto-abogado-en-marbella\/\" \/>\n<meta property=\"og:site_name\" content=\"Bufete Rafael Acai\u00f1as Le\u00f3n\" \/>\n<meta property=\"article:modified_time\" content=\"2023-07-04T08:45:26+00:00\" \/>\n<meta property=\"og:image\" content=\"https:\/\/www.bufeteacainasleon.es\/wp-content\/uploads\/2023\/06\/contacto-abogado-en-marbella.webp\" \/>\n<meta name=\"twitter:card\" content=\"summary_large_image\" \/>\n<meta name=\"twitter:description\" content=\"Ponte en contacto con nosotros y estudiaremos tu caso para poder aportarte la mejor soluci\u00f3n posible al respecto.\" \/>\n<meta name=\"twitter:label1\" content=\"Est. reading time\" \/>\n\t<meta name=\"twitter:data1\" content=\"1 minute\" \/>\n<script type=\"application\/ld+json\" class=\"yoast-schema-graph\">{\"@context\":\"https:\/\/schema.org\",\"@graph\":[{\"@type\":\"WebPage\",\"@id\":\"https:\/\/www.bufeteacainasleon.es\/en\/contacto-abogado-en-marbella\/\",\"url\":\"https:\/\/www.bufeteacainasleon.es\/en\/contacto-abogado-en-marbella\/\",\"name\":\"Contact - Bufete Rafael Acai\u00f1as Le\u00f3n\",\"isPartOf\":{\"@id\":\"https:\/\/www.bufeteacainasleon.es\/en\/#website\"},\"datePublished\":\"2020-08-13T08:27:53+00:00\",\"dateModified\":\"2023-07-04T08:45:26+00:00\",\"description\":\"Ponte en contacto con nosotros y estudiaremos tu caso para poder aportarte la mejor soluci\u00f3n posible al respecto.\",\"breadcrumb\":{\"@id\":\"https:\/\/www.bufeteacainasleon.es\/en\/contacto-abogado-en-marbella\/#breadcrumb\"},\"inLanguage\":\"en-US\",\"potentialAction\":[{\"@type\":\"ReadAction\",\"target\":[\"https:\/\/www.bufeteacainasleon.es\/en\/contacto-abogado-en-marbella\/\"]}]},{\"@type\":\"BreadcrumbList\",\"@id\":\"https:\/\/www.bufeteacainasleon.es\/en\/contacto-abogado-en-marbella\/#breadcrumb\",\"itemListElement\":[{\"@type\":\"ListItem\",\"position\":1,\"name\":\"Portada\",\"item\":\"https:\/\/www.bufeteacainasleon.es\/en\/\"},{\"@type\":\"ListItem\",\"position\":2,\"name\":\"Contact\"}]},{\"@type\":\"WebSite\",\"@id\":\"https:\/\/www.bufeteacainasleon.es\/en\/#website\",\"url\":\"https:\/\/www.bufeteacainasleon.es\/en\/\",\"name\":\"Bufete de abogados en Marbella Aca\u00ed\u00f1as Le\u00f3n\",\"description\":\"Abogado en Marbella\",\"publisher\":{\"@id\":\"https:\/\/www.bufeteacainasleon.es\/en\/#organization\"},\"potentialAction\":[{\"@type\":\"SearchAction\",\"target\":{\"@type\":\"EntryPoint\",\"urlTemplate\":\"https:\/\/www.bufeteacainasleon.es\/en\/?s={search_term_string}\"},\"query-input\":\"required name=search_term_string\"}],\"inLanguage\":\"en-US\"},{\"@type\":\"Organization\",\"@id\":\"https:\/\/www.bufeteacainasleon.es\/en\/#organization\",\"name\":\"Bufete Aca\u00ed\u00f1as Le\u00f3n\",\"url\":\"https:\/\/www.bufeteacainasleon.es\/en\/\",\"logo\":{\"@type\":\"ImageObject\",\"inLanguage\":\"en-US\",\"@id\":\"https:\/\/www.bufeteacainasleon.es\/en\/#\/schema\/logo\/image\/\",\"url\":\"https:\/\/www.bufeteacainasleon.es\/wp-content\/uploads\/2023\/05\/logo-bufete-acainas-leon-1.png\",\"contentUrl\":\"https:\/\/www.bufeteacainasleon.es\/wp-content\/uploads\/2023\/05\/logo-bufete-acainas-leon-1.png\",\"width\":401,\"height\":492,\"caption\":\"Bufete Aca\u00ed\u00f1as Le\u00f3n\"},\"image\":{\"@id\":\"https:\/\/www.bufeteacainasleon.es\/en\/#\/schema\/logo\/image\/\"}}]}<\/script>\n<!-- \/ Yoast SEO Premium plugin. -->","yoast_head_json":{"title":"Contact - Bufete Rafael Acai\u00f1as Le\u00f3n","description":"Ponte en contacto con nosotros y estudiaremos tu caso para poder aportarte la mejor soluci\u00f3n posible al respecto.","robots":{"index":"index","follow":"follow","max-snippet":"max-snippet:-1","max-image-preview":"max-image-preview:large","max-video-preview":"max-video-preview:-1"},"canonical":"https:\/\/www.bufeteacainasleon.es\/en\/contacto-abogado-en-marbella\/","og_locale":"en_US","og_type":"article","og_title":"Contact","og_description":"Ponte en contacto con nosotros y estudiaremos tu caso para poder aportarte la mejor soluci\u00f3n posible al respecto.","og_url":"https:\/\/www.bufeteacainasleon.es\/en\/contacto-abogado-en-marbella\/","og_site_name":"Bufete Rafael Acai\u00f1as Le\u00f3n","article_modified_time":"2023-07-04T08:45:26+00:00","og_image":[{"url":"https:\/\/www.bufeteacainasleon.es\/wp-content\/uploads\/2023\/06\/contacto-abogado-en-marbella.webp"}],"twitter_card":"summary_large_image","twitter_description":"Ponte en contacto con nosotros y estudiaremos tu caso para poder aportarte la mejor soluci\u00f3n posible al respecto.","twitter_misc":{"Est. reading time":"1 minute"},"schema":{"@context":"https:\/\/schema.org","@graph":[{"@type":"WebPage","@id":"https:\/\/www.bufeteacainasleon.es\/en\/contacto-abogado-en-marbella\/","url":"https:\/\/www.bufeteacainasleon.es\/en\/contacto-abogado-en-marbella\/","name":"Contact - Bufete Rafael Acai\u00f1as Le\u00f3n","isPartOf":{"@id":"https:\/\/www.bufeteacainasleon.es\/en\/#website"},"datePublished":"2020-08-13T08:27:53+00:00","dateModified":"2023-07-04T08:45:26+00:00","description":"Ponte en contacto con nosotros y estudiaremos tu caso para poder aportarte la mejor soluci\u00f3n posible al respecto.","breadcrumb":{"@id":"https:\/\/www.bufeteacainasleon.es\/en\/contacto-abogado-en-marbella\/#breadcrumb"},"inLanguage":"en-US","potentialAction":[{"@type":"ReadAction","target":["https:\/\/www.bufeteacainasleon.es\/en\/contacto-abogado-en-marbella\/"]}]},{"@type":"BreadcrumbList","@id":"https:\/\/www.bufeteacainasleon.es\/en\/contacto-abogado-en-marbella\/#breadcrumb","itemListElement":[{"@type":"ListItem","position":1,"name":"Portada","item":"https:\/\/www.bufeteacainasleon.es\/en\/"},{"@type":"ListItem","position":2,"name":"Contact"}]},{"@type":"WebSite","@id":"https:\/\/www.bufeteacainasleon.es\/en\/#website","url":"https:\/\/www.bufeteacainasleon.es\/en\/","name":"Bufete de abogados en Marbella Aca\u00ed\u00f1as Le\u00f3n","description":"Abogado en Marbella","publisher":{"@id":"https:\/\/www.bufeteacainasleon.es\/en\/#organization"},"potentialAction":[{"@type":"SearchAction","target":{"@type":"EntryPoint","urlTemplate":"https:\/\/www.bufeteacainasleon.es\/en\/?s={search_term_string}"},"query-input":"required name=search_term_string"}],"inLanguage":"en-US"},{"@type":"Organization","@id":"https:\/\/www.bufeteacainasleon.es\/en\/#organization","name":"Bufete Aca\u00ed\u00f1as Le\u00f3n","url":"https:\/\/www.bufeteacainasleon.es\/en\/","logo":{"@type":"ImageObject","inLanguage":"en-US","@id":"https:\/\/www.bufeteacainasleon.es\/en\/#\/schema\/logo\/image\/","url":"https:\/\/www.bufeteacainasleon.es\/wp-content\/uploads\/2023\/05\/logo-bufete-acainas-leon-1.png","contentUrl":"https:\/\/www.bufeteacainasleon.es\/wp-content\/uploads\/2023\/05\/logo-bufete-acainas-leon-1.png","width":401,"height":492,"caption":"Bufete Aca\u00ed\u00f1as Le\u00f3n"},"image":{"@id":"https:\/\/www.bufeteacainasleon.es\/en\/#\/schema\/logo\/image\/"}}]}},"_links":{"self":[{"href":"https:\/\/www.bufeteacainasleon.es\/en\/wp-json\/wp\/v2\/pages\/3144"}],"collection":[{"href":"https:\/\/www.bufeteacainasleon.es\/en\/wp-json\/wp\/v2\/pages"}],"about":[{"href":"https:\/\/www.bufeteacainasleon.es\/en\/wp-json\/wp\/v2\/types\/page"}],"author":[{"embeddable":true,"href":"https:\/\/www.bufeteacainasleon.es\/en\/wp-json\/wp\/v2\/users\/3"}],"replies":[{"embeddable":true,"href":"https:\/\/www.bufeteacainasleon.es\/en\/wp-json\/wp\/v2\/comments?post=3144"}],"version-history":[{"count":18,"href":"https:\/\/www.bufeteacainasleon.es\/en\/wp-json\/wp\/v2\/pages\/3144\/revisions"}],"predecessor-version":[{"id":3837,"href":"https:\/\/www.bufeteacainasleon.es\/en\/wp-json\/wp\/v2\/pages\/3144\/revisions\/3837"}],"wp:featuredmedia":[{"embeddable":true,"href":"https:\/\/www.bufeteacainasleon.es\/en\/wp-json\/wp\/v2\/media\/3846"}],"wp:attachment":[{"href":"https:\/\/www.bufeteacainasleon.es\/en\/wp-json\/wp\/v2\/media?parent=3144"}],"curies":[{"name":"wp","href":"https:\/\/api.w.org\/{rel}","templated":true}]}}