{"id":3164,"date":"2023-05-17T09:18:50","date_gmt":"2023-05-17T07:18:50","guid":{"rendered":"https:\/\/bufeteacainasleon.es\/politica-cookies\/"},"modified":"2023-07-03T11:50:28","modified_gmt":"2023-07-03T09:50:28","slug":"politica-cookies","status":"publish","type":"page","link":"https:\/\/www.bufeteacainasleon.es\/en\/politica-cookies\/","title":{"rendered":"Cookie Policy"},"content":{"rendered":"\t\t<div data-elementor-type=\"wp-page\" data-elementor-id=\"3164\" class=\"elementor elementor-3164 elementor-2870\">\n\t\t\t\t\t\t<div class=\"elementor-inner\">\n\t\t\t\t<div class=\"elementor-section-wrap\">\n\t\t\t\t\t\t\t\t\t<section class=\"elementor-section elementor-top-section elementor-element elementor-element-2a74f432 elementor-section-boxed elementor-section-height-default elementor-section-height-default\" data-id=\"2a74f432\" data-element_type=\"section\" data-settings=\"{&quot;background_background&quot;:&quot;classic&quot;}\">\n\t\t\t\t\t\t<div class=\"elementor-container elementor-column-gap-no\">\n\t\t\t\t\t\t\t<div class=\"elementor-row\">\n\t\t\t\t\t<div class=\"elementor-column elementor-col-100 elementor-top-column elementor-element elementor-element-6d5be276\" data-id=\"6d5be276\" data-element_type=\"column\">\n\t\t\t<div class=\"elementor-column-wrap elementor-element-populated\">\n\t\t\t\t\t\t\t<div class=\"elementor-widget-wrap\">\n\t\t\t\t\t\t<div class=\"elementor-element elementor-element-9e8b400 elementor-widget elementor-widget-heading\" data-id=\"9e8b400\" data-element_type=\"widget\" data-widget_type=\"heading.default\">\n\t\t\t\t<div class=\"elementor-widget-container\">\n\t\t\t<h2 class=\"elementor-heading-title elementor-size-default\">Cookies policy\n<\/h2>\t\t<\/div>\n\t\t\t\t<\/div>\n\t\t\t\t\t\t<\/div>\n\t\t\t\t\t<\/div>\n\t\t<\/div>\n\t\t\t\t\t\t\t\t<\/div>\n\t\t\t\t\t<\/div>\n\t\t<\/section>\n\t\t\t\t<section class=\"elementor-section elementor-top-section elementor-element elementor-element-549c060a elementor-section-boxed elementor-section-height-default elementor-section-height-default\" data-id=\"549c060a\" data-element_type=\"section\" data-settings=\"{&quot;background_background&quot;:&quot;classic&quot;}\">\n\t\t\t\t\t\t<div class=\"elementor-container elementor-column-gap-custom\">\n\t\t\t\t\t\t\t<div class=\"elementor-row\">\n\t\t\t\t\t<div class=\"elementor-column elementor-col-100 elementor-top-column elementor-element elementor-element-165e2cd\" data-id=\"165e2cd\" data-element_type=\"column\">\n\t\t\t<div class=\"elementor-column-wrap elementor-element-populated\">\n\t\t\t\t\t\t\t<div class=\"elementor-widget-wrap\">\n\t\t\t\t\t\t<div class=\"elementor-element elementor-element-6b701da elementor-widget elementor-widget-text-editor\" data-id=\"6b701da\" data-element_type=\"widget\" data-widget_type=\"text-editor.default\">\n\t\t\t\t<div class=\"elementor-widget-container\">\n\t\t\t\t\t\t\t\t<div class=\"elementor-text-editor elementor-clearfix\">\n\t\t\t\t<p>Law 34\/2002, of 11 July, on Information Society Services and Electronic Commerce (LSSICE) regulates the use of cookies and similar technologies, which serve to store and retrieve data from terminal equipment.\u00a0<\/p><p>A cookie is a file that is downloaded to the user&#8217;s computer when accessing certain web pages. Cookies and similar technologies allow a website, among other things, to store and retrieve information about the browsing habits of the user or their equipment and, depending on the information about the browsing habits of a user or their equipment and, depending on the information they contain and the way in which their equipment is used, they could be used to recognise the user.<\/p><p>This website only uses technical cookies, thanks to which the user will be able to browse the website and use the different options and services offered; these cookies are exempt from compliance with the obligations established in article 22.2 of the LSSICE.<\/p><p>All users can consult additional information in the Guide on the use of cookies of the Spanish Data Protection Agency and in the LSSICE.<\/p><p><strong>Last updated: 3 July 2023<\/strong><\/p><p>\u00a0<\/p>\t\t\t\t\t<\/div>\n\t\t\t\t\t\t<\/div>\n\t\t\t\t<\/div>\n\t\t\t\t\t\t<\/div>\n\t\t\t\t\t<\/div>\n\t\t<\/div>\n\t\t\t\t\t\t\t\t<\/div>\n\t\t\t\t\t<\/div>\n\t\t<\/section>\n\t\t\t\t\t\t\t\t\t<\/div>\n\t\t\t<\/div>\n\t\t\t\t\t<\/div>\n\t\t","protected":false},"excerpt":{"rendered":"<p>Cookies policy Law 34\/2002, of 11 July, on Information Society Services and Electronic Commerce (LSSICE) regulates the use of cookies and similar technologies, which serve to store and retrieve data from terminal equipment.\u00a0 A cookie is a file that is downloaded to the user&#8217;s computer when accessing certain web pages. Cookies and similar technologies allow &hellip;<\/p>\n<p class=\"read-more\"> <a class=\"\" href=\"https:\/\/www.bufeteacainasleon.es\/en\/politica-cookies\/\"> <span class=\"screen-reader-text\">Cookie Policy<\/span> Read More &raquo;<\/a><\/p>\n","protected":false},"author":3,"featured_media":0,"parent":0,"menu_order":0,"comment_status":"closed","ping_status":"closed","template":"","meta":{"inline_featured_image":false,"site-sidebar-layout":"no-sidebar","site-content-layout":"page-builder","ast-main-header-display":"","ast-hfb-above-header-display":"","ast-hfb-below-header-display":"","ast-hfb-mobile-header-display":"","site-post-title":"disabled","ast-breadcrumbs-content":"","ast-featured-img":"disabled","footer-sml-layout":"","theme-transparent-header-meta":"default","adv-header-id-meta":"","stick-header-meta":"","header-above-stick-meta":"","header-main-stick-meta":"","header-below-stick-meta":""},"yoast_head":"<!-- This site is optimized with the Yoast SEO Premium plugin v20.7 (Yoast SEO v20.10) - https:\/\/yoast.com\/wordpress\/plugins\/seo\/ -->\n<title>Cookie Policy - Bufete Rafael Acai\u00f1as Le\u00f3n<\/title>\n<meta name=\"description\" content=\"Ofrecemos asesoramiento fiscal y contable, laboral, servicios jur\u00eddicos, gesti\u00f3n administrativa y agencia de seguros.\" \/>\n<meta name=\"robots\" content=\"index, follow, max-snippet:-1, max-image-preview:large, max-video-preview:-1\" \/>\n<link rel=\"canonical\" href=\"https:\/\/www.bufeteacainasleon.es\/en\/politica-cookies\/\" \/>\n<meta property=\"og:locale\" content=\"en_US\" \/>\n<meta property=\"og:type\" content=\"article\" \/>\n<meta property=\"og:title\" content=\"Cookie Policy\" \/>\n<meta property=\"og:description\" content=\"Ofrecemos asesoramiento fiscal y contable, laboral, servicios jur\u00eddicos, gesti\u00f3n administrativa y agencia de seguros.\" \/>\n<meta property=\"og:url\" content=\"https:\/\/www.bufeteacainasleon.es\/en\/politica-cookies\/\" \/>\n<meta property=\"og:site_name\" content=\"Bufete Rafael Acai\u00f1as Le\u00f3n\" \/>\n<meta property=\"article:modified_time\" content=\"2023-07-03T09:50:28+00:00\" \/>\n<meta property=\"og:image\" content=\"https:\/\/www.bufeteacainasleon.es\/wp-content\/uploads\/2023\/07\/imagen-destacada-inicio.webp\" \/>\n\t<meta property=\"og:image:width\" content=\"1200\" \/>\n\t<meta property=\"og:image:height\" content=\"628\" \/>\n\t<meta property=\"og:image:type\" content=\"image\/webp\" \/>\n<meta name=\"twitter:card\" content=\"summary_large_image\" \/>\n<meta name=\"twitter:label1\" content=\"Est. reading time\" \/>\n\t<meta name=\"twitter:data1\" content=\"5 minutes\" \/>\n<script type=\"application\/ld+json\" class=\"yoast-schema-graph\">{\"@context\":\"https:\/\/schema.org\",\"@graph\":[{\"@type\":\"WebPage\",\"@id\":\"https:\/\/www.bufeteacainasleon.es\/en\/politica-cookies\/\",\"url\":\"https:\/\/www.bufeteacainasleon.es\/en\/politica-cookies\/\",\"name\":\"Cookie Policy - Bufete Rafael Acai\u00f1as Le\u00f3n\",\"isPartOf\":{\"@id\":\"https:\/\/www.bufeteacainasleon.es\/en\/#website\"},\"datePublished\":\"2023-05-17T07:18:50+00:00\",\"dateModified\":\"2023-07-03T09:50:28+00:00\",\"description\":\"Ofrecemos asesoramiento fiscal y contable, laboral, servicios jur\u00eddicos, gesti\u00f3n administrativa y agencia de seguros.\",\"breadcrumb\":{\"@id\":\"https:\/\/www.bufeteacainasleon.es\/en\/politica-cookies\/#breadcrumb\"},\"inLanguage\":\"en-US\",\"potentialAction\":[{\"@type\":\"ReadAction\",\"target\":[\"https:\/\/www.bufeteacainasleon.es\/en\/politica-cookies\/\"]}]},{\"@type\":\"BreadcrumbList\",\"@id\":\"https:\/\/www.bufeteacainasleon.es\/en\/politica-cookies\/#breadcrumb\",\"itemListElement\":[{\"@type\":\"ListItem\",\"position\":1,\"name\":\"Portada\",\"item\":\"https:\/\/www.bufeteacainasleon.es\/en\/\"},{\"@type\":\"ListItem\",\"position\":2,\"name\":\"Cookie Policy\"}]},{\"@type\":\"WebSite\",\"@id\":\"https:\/\/www.bufeteacainasleon.es\/en\/#website\",\"url\":\"https:\/\/www.bufeteacainasleon.es\/en\/\",\"name\":\"Bufete de abogados en Marbella Aca\u00ed\u00f1as Le\u00f3n\",\"description\":\"Abogado en Marbella\",\"publisher\":{\"@id\":\"https:\/\/www.bufeteacainasleon.es\/en\/#organization\"},\"potentialAction\":[{\"@type\":\"SearchAction\",\"target\":{\"@type\":\"EntryPoint\",\"urlTemplate\":\"https:\/\/www.bufeteacainasleon.es\/en\/?s={search_term_string}\"},\"query-input\":\"required name=search_term_string\"}],\"inLanguage\":\"en-US\"},{\"@type\":\"Organization\",\"@id\":\"https:\/\/www.bufeteacainasleon.es\/en\/#organization\",\"name\":\"Bufete Aca\u00ed\u00f1as Le\u00f3n\",\"url\":\"https:\/\/www.bufeteacainasleon.es\/en\/\",\"logo\":{\"@type\":\"ImageObject\",\"inLanguage\":\"en-US\",\"@id\":\"https:\/\/www.bufeteacainasleon.es\/en\/#\/schema\/logo\/image\/\",\"url\":\"https:\/\/www.bufeteacainasleon.es\/wp-content\/uploads\/2023\/05\/logo-bufete-acainas-leon-1.png\",\"contentUrl\":\"https:\/\/www.bufeteacainasleon.es\/wp-content\/uploads\/2023\/05\/logo-bufete-acainas-leon-1.png\",\"width\":401,\"height\":492,\"caption\":\"Bufete Aca\u00ed\u00f1as Le\u00f3n\"},\"image\":{\"@id\":\"https:\/\/www.bufeteacainasleon.es\/en\/#\/schema\/logo\/image\/\"}}]}<\/script>\n<!-- \/ Yoast SEO Premium plugin. -->","yoast_head_json":{"title":"Cookie Policy - Bufete Rafael Acai\u00f1as Le\u00f3n","description":"Ofrecemos asesoramiento fiscal y contable, laboral, servicios jur\u00eddicos, gesti\u00f3n administrativa y agencia de seguros.","robots":{"index":"index","follow":"follow","max-snippet":"max-snippet:-1","max-image-preview":"max-image-preview:large","max-video-preview":"max-video-preview:-1"},"canonical":"https:\/\/www.bufeteacainasleon.es\/en\/politica-cookies\/","og_locale":"en_US","og_type":"article","og_title":"Cookie Policy","og_description":"Ofrecemos asesoramiento fiscal y contable, laboral, servicios jur\u00eddicos, gesti\u00f3n administrativa y agencia de seguros.","og_url":"https:\/\/www.bufeteacainasleon.es\/en\/politica-cookies\/","og_site_name":"Bufete Rafael Acai\u00f1as Le\u00f3n","article_modified_time":"2023-07-03T09:50:28+00:00","og_image":[{"width":1200,"height":628,"url":"https:\/\/www.bufeteacainasleon.es\/wp-content\/uploads\/2023\/07\/imagen-destacada-inicio.webp","type":"image\/webp"}],"twitter_card":"summary_large_image","twitter_misc":{"Est. reading time":"5 minutes"},"schema":{"@context":"https:\/\/schema.org","@graph":[{"@type":"WebPage","@id":"https:\/\/www.bufeteacainasleon.es\/en\/politica-cookies\/","url":"https:\/\/www.bufeteacainasleon.es\/en\/politica-cookies\/","name":"Cookie Policy - Bufete Rafael Acai\u00f1as Le\u00f3n","isPartOf":{"@id":"https:\/\/www.bufeteacainasleon.es\/en\/#website"},"datePublished":"2023-05-17T07:18:50+00:00","dateModified":"2023-07-03T09:50:28+00:00","description":"Ofrecemos asesoramiento fiscal y contable, laboral, servicios jur\u00eddicos, gesti\u00f3n administrativa y agencia de seguros.","breadcrumb":{"@id":"https:\/\/www.bufeteacainasleon.es\/en\/politica-cookies\/#breadcrumb"},"inLanguage":"en-US","potentialAction":[{"@type":"ReadAction","target":["https:\/\/www.bufeteacainasleon.es\/en\/politica-cookies\/"]}]},{"@type":"BreadcrumbList","@id":"https:\/\/www.bufeteacainasleon.es\/en\/politica-cookies\/#breadcrumb","itemListElement":[{"@type":"ListItem","position":1,"name":"Portada","item":"https:\/\/www.bufeteacainasleon.es\/en\/"},{"@type":"ListItem","position":2,"name":"Cookie Policy"}]},{"@type":"WebSite","@id":"https:\/\/www.bufeteacainasleon.es\/en\/#website","url":"https:\/\/www.bufeteacainasleon.es\/en\/","name":"Bufete de abogados en Marbella Aca\u00ed\u00f1as Le\u00f3n","description":"Abogado en Marbella","publisher":{"@id":"https:\/\/www.bufeteacainasleon.es\/en\/#organization"},"potentialAction":[{"@type":"SearchAction","target":{"@type":"EntryPoint","urlTemplate":"https:\/\/www.bufeteacainasleon.es\/en\/?s={search_term_string}"},"query-input":"required name=search_term_string"}],"inLanguage":"en-US"},{"@type":"Organization","@id":"https:\/\/www.bufeteacainasleon.es\/en\/#organization","name":"Bufete Aca\u00ed\u00f1as Le\u00f3n","url":"https:\/\/www.bufeteacainasleon.es\/en\/","logo":{"@type":"ImageObject","inLanguage":"en-US","@id":"https:\/\/www.bufeteacainasleon.es\/en\/#\/schema\/logo\/image\/","url":"https:\/\/www.bufeteacainasleon.es\/wp-content\/uploads\/2023\/05\/logo-bufete-acainas-leon-1.png","contentUrl":"https:\/\/www.bufeteacainasleon.es\/wp-content\/uploads\/2023\/05\/logo-bufete-acainas-leon-1.png","width":401,"height":492,"caption":"Bufete Aca\u00ed\u00f1as Le\u00f3n"},"image":{"@id":"https:\/\/www.bufeteacainasleon.es\/en\/#\/schema\/logo\/image\/"}}]}},"_links":{"self":[{"href":"https:\/\/www.bufeteacainasleon.es\/en\/wp-json\/wp\/v2\/pages\/3164"}],"collection":[{"href":"https:\/\/www.bufeteacainasleon.es\/en\/wp-json\/wp\/v2\/pages"}],"about":[{"href":"https:\/\/www.bufeteacainasleon.es\/en\/wp-json\/wp\/v2\/types\/page"}],"author":[{"embeddable":true,"href":"https:\/\/www.bufeteacainasleon.es\/en\/wp-json\/wp\/v2\/users\/3"}],"replies":[{"embeddable":true,"href":"https:\/\/www.bufeteacainasleon.es\/en\/wp-json\/wp\/v2\/comments?post=3164"}],"version-history":[{"count":0,"href":"https:\/\/www.bufeteacainasleon.es\/en\/wp-json\/wp\/v2\/pages\/3164\/revisions"}],"wp:attachment":[{"href":"https:\/\/www.bufeteacainasleon.es\/en\/wp-json\/wp\/v2\/media?parent=3164"}],"curies":[{"name":"wp","href":"https:\/\/api.w.org\/{rel}","templated":true}]}}